{"id":32,"date":"2024-08-14T17:09:16","date_gmt":"2024-08-14T15:09:16","guid":{"rendered":"http:\/\/objectifphoto44.fr\/?page_id=32"},"modified":"2025-07-31T16:23:49","modified_gmt":"2025-07-31T14:23:49","slug":"le-club","status":"publish","type":"page","link":"https:\/\/objectifphoto44.fr\/index.php\/le-club\/","title":{"rendered":"Le club"},"content":{"rendered":"\t\t<div data-elementor-type=\"wp-page\" data-elementor-id=\"32\" class=\"elementor elementor-32\">\n\t\t\t\t<div class=\"elementor-element elementor-element-26d7e95 e-flex e-con-boxed e-con e-parent\" data-id=\"26d7e95\" data-element_type=\"container\">\n\t\t\t\t\t<div class=\"e-con-inner\">\n\t\t\t\t<div class=\"elementor-element elementor-element-33e3544 elementor-position-left elementor-vertical-align-middle elementor-widget elementor-widget-image-box\" data-id=\"33e3544\" data-element_type=\"widget\" data-widget_type=\"image-box.default\">\n\t\t\t\t<div class=\"elementor-widget-container\">\n\t\t\t\t\t<div class=\"elementor-image-box-wrapper\"><figure class=\"elementor-image-box-img\"><img fetchpriority=\"high\" decoding=\"async\" width=\"300\" height=\"300\" src=\"https:\/\/objectifphoto44.fr\/wp-content\/uploads\/2024\/08\/Roger-Coutin-300x300.jpg\" class=\"attachment-medium size-medium wp-image-190\" alt=\"\" srcset=\"https:\/\/objectifphoto44.fr\/wp-content\/uploads\/2024\/08\/Roger-Coutin-300x300.jpg 300w, https:\/\/objectifphoto44.fr\/wp-content\/uploads\/2024\/08\/Roger-Coutin-150x150.jpg 150w, https:\/\/objectifphoto44.fr\/wp-content\/uploads\/2024\/08\/Roger-Coutin-768x768.jpg 768w, https:\/\/objectifphoto44.fr\/wp-content\/uploads\/2024\/08\/Roger-Coutin.jpg 1000w\" sizes=\"(max-width: 300px) 100vw, 300px\" \/><\/figure><div class=\"elementor-image-box-content\"><h1 class=\"elementor-image-box-title\">Le club<\/h1><\/div><\/div>\t\t\t\t<\/div>\n\t\t\t\t<\/div>\n\t\t\t\t\t<\/div>\n\t\t\t\t<\/div>\n\t\t<div class=\"elementor-element elementor-element-8117795 e-flex e-con-boxed e-con e-parent\" data-id=\"8117795\" data-element_type=\"container\">\n\t\t\t\t\t<div class=\"e-con-inner\">\n\t\t\t\t<div class=\"elementor-element elementor-element-296bc4a elementor-widget elementor-widget-heading\" data-id=\"296bc4a\" data-element_type=\"widget\" data-widget_type=\"heading.default\">\n\t\t\t\t<div class=\"elementor-widget-container\">\n\t\t\t\t\t<h1 class=\"elementor-heading-title elementor-size-default\">Pr\u00e9sentation<\/h1>\t\t\t\t<\/div>\n\t\t\t\t<\/div>\n\t\t\t\t\t<\/div>\n\t\t\t\t<\/div>\n\t\t<div class=\"elementor-element elementor-element-80e74c1 e-flex e-con-boxed e-con e-parent\" data-id=\"80e74c1\" data-element_type=\"container\">\n\t\t\t\t\t<div class=\"e-con-inner\">\n\t\t\t\t<div class=\"elementor-element elementor-element-b401da0 elementor-widget__width-auto elementor-widget elementor-widget-text-editor\" data-id=\"b401da0\" data-element_type=\"widget\" data-widget_type=\"text-editor.default\">\n\t\t\t\t<div class=\"elementor-widget-container\">\n\t\t\t\t\t\t\t\t\t<p>N\u00e9 en 2016 au sein de l\u2019Amicale La\u00efque de Suc\u00e9 sur Erdre. En 2021, nous prenons notre ind\u00e9pendance en cr\u00e9ant une Association loi 1901 et nous devenons\u00a0\u00a0 \u00ab Objectif Photo 44 \u00bb. \u00a0Depuis 2021, le club est l\u2019un des 25 clubs photos de l\u2019Association Loire Atlantique Photo afin de permettre \u00e0 nos photographes des \u00e9changes avec nos homologues du d\u00e9partement.<\/p>\t\t\t\t\t\t\t\t<\/div>\n\t\t\t\t<\/div>\n\t\t\t\t\t<\/div>\n\t\t\t\t<\/div>\n\t\t<div class=\"elementor-element elementor-element-3f7a395 e-flex e-con-boxed e-con e-parent\" data-id=\"3f7a395\" data-element_type=\"container\">\n\t\t\t\t\t<div class=\"e-con-inner\">\n\t\t\t\t<div class=\"elementor-element elementor-element-2280800 elementor-widget elementor-widget-heading\" data-id=\"2280800\" data-element_type=\"widget\" data-widget_type=\"heading.default\">\n\t\t\t\t<div class=\"elementor-widget-container\">\n\t\t\t\t\t<h1 class=\"elementor-heading-title elementor-size-default\">Notre Philosophie<\/h1>\t\t\t\t<\/div>\n\t\t\t\t<\/div>\n\t\t\t\t\t<\/div>\n\t\t\t\t<\/div>\n\t\t<div class=\"elementor-element elementor-element-6976cc5 e-flex e-con-boxed e-con e-parent\" data-id=\"6976cc5\" data-element_type=\"container\">\n\t\t\t\t\t<div class=\"e-con-inner\">\n\t\t\t\t<div class=\"elementor-element elementor-element-564c863 elementor-widget elementor-widget-text-editor\" data-id=\"564c863\" data-element_type=\"widget\" data-widget_type=\"text-editor.default\">\n\t\t\t\t<div class=\"elementor-widget-container\">\n\t\t\t\t\t\t\t\t\t<p>Nous accueillons tout photographe quelque soit sa connaissance de sa pratique photographique d\u00e8s l\u2019instant o\u00f9 il a envie de produire des images, de les partager et de progresser.<\/p><p>Nous collaborons avec les autres associations de notre commune auxquelles nous proposons nos savoir-faire pour faire des images de leurs temps forts (T\u00e9l\u00e9thon, RDV de l\u2019Erdre, comp\u00e9titions, \u2026).\u00a0 L\u2019opportunit\u00e9 pour nous de nous challenger sur des conditions de prises de vue diff\u00e9rentes.<\/p>\t\t\t\t\t\t\t\t<\/div>\n\t\t\t\t<\/div>\n\t\t\t\t\t<\/div>\n\t\t\t\t<\/div>\n\t\t<div class=\"elementor-element elementor-element-ea2919f e-flex e-con-boxed e-con e-parent\" data-id=\"ea2919f\" data-element_type=\"container\">\n\t\t\t\t\t<div class=\"e-con-inner\">\n\t\t\t\t<div class=\"elementor-element elementor-element-910b597 elementor-widget elementor-widget-heading\" data-id=\"910b597\" data-element_type=\"widget\" data-widget_type=\"heading.default\">\n\t\t\t\t<div class=\"elementor-widget-container\">\n\t\t\t\t\t<h1 class=\"elementor-heading-title elementor-size-default\">Qui sommes-nous \n?<\/h1>\t\t\t\t<\/div>\n\t\t\t\t<\/div>\n\t\t\t\t\t<\/div>\n\t\t\t\t<\/div>\n\t\t<div class=\"elementor-element elementor-element-8305905 e-flex e-con-boxed e-con e-parent\" data-id=\"8305905\" data-element_type=\"container\">\n\t\t\t\t\t<div class=\"e-con-inner\">\n\t\t\t\t<div class=\"elementor-element elementor-element-7b575e4 elementor-widget elementor-widget-text-editor\" data-id=\"7b575e4\" data-element_type=\"widget\" data-widget_type=\"text-editor.default\">\n\t\t\t\t<div class=\"elementor-widget-container\">\n\t\t\t\t\t\t\t\t\t<p>Nous sommes une vingtaine de photographes femmes et\u00a0 hommes. Certains sont \u00e0 l&rsquo;origine du club et d&rsquo;autres\u00a0 sont arriv\u00e9es plus r\u00e9cemment.<\/p><p>Pour la plupart jeunes retrait\u00e9.es mais heureusement les plus jeunes nous rappellent les contraintes de la vie active. Pas de professeur ou de pro, nous sommes tous et toutes formateurs et \u00e9l\u00e8ves.<\/p>\t\t\t\t\t\t\t\t<\/div>\n\t\t\t\t<\/div>\n\t\t\t\t\t<\/div>\n\t\t\t\t<\/div>\n\t\t<div class=\"elementor-element elementor-element-c685516 e-flex e-con-boxed e-con e-parent\" data-id=\"c685516\" data-element_type=\"container\">\n\t\t\t\t\t<div class=\"e-con-inner\">\n\t\t\t\t<div class=\"elementor-element elementor-element-adc5afa elementor-widget elementor-widget-heading\" data-id=\"adc5afa\" data-element_type=\"widget\" data-widget_type=\"heading.default\">\n\t\t\t\t<div class=\"elementor-widget-container\">\n\t\t\t\t\t<h1 class=\"elementor-heading-title elementor-size-default\">Notre Fonctionnement<\/h1>\t\t\t\t<\/div>\n\t\t\t\t<\/div>\n\t\t\t\t\t<\/div>\n\t\t\t\t<\/div>\n\t\t<div class=\"elementor-element elementor-element-757bdea e-flex e-con-boxed e-con e-parent\" data-id=\"757bdea\" data-element_type=\"container\">\n\t\t\t\t\t<div class=\"e-con-inner\">\n\t\t\t\t<div class=\"elementor-element elementor-element-41f2394 elementor-widget elementor-widget-text-editor\" data-id=\"41f2394\" data-element_type=\"widget\" data-widget_type=\"text-editor.default\">\n\t\t\t\t<div class=\"elementor-widget-container\">\n\t\t\t\t\t\t\t\t\t<p>Nous nous retrouvons un lundi sur deux dans la salle de la convivialit\u00e9 de la base nautique aviron cano\u00eb kayak de Suc\u00e9 sur Erdre.<\/p><p>Une fois par mois, nous organisons une sortie sur un site situ\u00e9 autour de Nantes, opportunit\u00e9 de s\u2019exercer autour d\u2019un th\u00e8me et de v\u00e9rifier que chaque photographe d\u00e9veloppe son approche personnelle.<\/p><p>Chaque photographe effectue un editing et partage ses images sur un drive. Nous les visualisons \u00e0 l\u2019\u00e9cran le plus souvent et parfois sur la base de tirages papier.<\/p>\t\t\t\t\t\t\t\t<\/div>\n\t\t\t\t<\/div>\n\t\t\t\t\t<\/div>\n\t\t\t\t<\/div>\n\t\t<div class=\"elementor-element elementor-element-f8d5aae e-flex e-con-boxed e-con e-parent\" data-id=\"f8d5aae\" data-element_type=\"container\">\n\t\t\t\t\t<div class=\"e-con-inner\">\n\t\t\t\t<div class=\"elementor-element elementor-element-07ec1d1 elementor-widget elementor-widget-heading\" data-id=\"07ec1d1\" data-element_type=\"widget\" data-widget_type=\"heading.default\">\n\t\t\t\t<div class=\"elementor-widget-container\">\n\t\t\t\t\t<h1 class=\"elementor-heading-title elementor-size-default\">Nos Activit\u00e9s<\/h1>\t\t\t\t<\/div>\n\t\t\t\t<\/div>\n\t\t\t\t\t<\/div>\n\t\t\t\t<\/div>\n\t\t<div class=\"elementor-element elementor-element-3880ad0 e-flex e-con-boxed e-con e-parent\" data-id=\"3880ad0\" data-element_type=\"container\">\n\t\t\t\t\t<div class=\"e-con-inner\">\n\t\t\t\t<div class=\"elementor-element elementor-element-2848762 elementor-widget__width-auto elementor-widget elementor-widget-text-editor\" data-id=\"2848762\" data-element_type=\"widget\" data-widget_type=\"text-editor.default\">\n\t\t\t\t<div class=\"elementor-widget-container\">\n\t\t\t\t\t\t\t\t\t<p>Elles sont structur\u00e9es par des exercices ou rendez-vous r\u00e9currents afin de progresser dans la continuit\u00e9, mais aussi des th\u00e8mes renouvel\u00e9s pour compl\u00e9ter nos pratiques ou connaissances et maintenir une forte dynamique.<\/p><ul><li>\u00ab\u00a0<a href=\"https:\/\/objectifphoto44.fr\/index.php\/nos-realisations\/nos-minis-defis\/\">Mini-d\u00e9fis<\/a>\u00a0\u00bb. Nous nous exer\u00e7ons \u00e0 produire des images sur des sujets ou points techniques sp\u00e9cifiques (inspir\u00e9s du livre \u00ab\u00a052 mini-d\u00e9fis photographiques\u00a0\u00bb d\u2019Anne-Laure Jacquart).<\/li><li>\u00ab <a href=\"https:\/\/objectifphoto44.fr\/index.php\/nos-realisations\/nos-sorties\/\">Sortie mensuelle<\/a> \u00bb <\/li><li>\u00ab Post traitement \u00bb. Un photographe propose une photo \u00e0 retoucher avec des consignes pr\u00e9cises. Les autres membres s\u2019y essaient avec le logiciel de leur choix.<\/li><li>\u00ab\u00a0<a href=\"https:\/\/objectifphoto44.fr\/index.php\/nos-expos-annuelles\/\">Exposition annuelle<\/a>\u00a0\u00bb \u00e0 la m\u00e9diath\u00e8que de la commune dont le th\u00e8me est choisi par les membres du club.<\/li><li>\u00ab Focus \u00bb. Un des membres du club fait une pr\u00e9sentation sur un de ses coups de c\u0153ur : une image, un.e photographe renomm\u00e9.e, une \u00a0technique, un logiciel de traitement de l\u2019image, &#8230; ou tout sujet qui touche \u00e0 la photographie.<\/li><\/ul>\t\t\t\t\t\t\t\t<\/div>\n\t\t\t\t<\/div>\n\t\t\t\t\t<\/div>\n\t\t\t\t<\/div>\n\t\t\t\t<\/div>\n\t\t","protected":false},"excerpt":{"rendered":"<p>Le club Pr\u00e9sentation N\u00e9 en 2016 au sein de l\u2019Amicale La\u00efque de Suc\u00e9 sur Erdre. En 2021, nous prenons notre [&hellip;]<\/p>\n","protected":false},"author":1,"featured_media":0,"parent":0,"menu_order":0,"comment_status":"closed","ping_status":"closed","template":"elementor_theme","meta":{"site-sidebar-layout":"no-sidebar","site-content-layout":"","ast-site-content-layout":"full-width-container","site-content-style":"default","site-sidebar-style":"default","ast-global-header-display":"","ast-banner-title-visibility":"","ast-main-header-display":"","ast-hfb-above-header-display":"","ast-hfb-below-header-display":"","ast-hfb-mobile-header-display":"","site-post-title":"disabled","ast-breadcrumbs-content":"","ast-featured-img":"disabled","footer-sml-layout":"","ast-disable-related-posts":"","theme-transparent-header-meta":"","adv-header-id-meta":"","stick-header-meta":"","header-above-stick-meta":"","header-main-stick-meta":"","header-below-stick-meta":"","astra-migrate-meta-layouts":"default","ast-page-background-enabled":"default","ast-page-background-meta":{"desktop":{"background-color":"var(--ast-global-color-4)","background-image":"","background-repeat":"repeat","background-position":"center center","background-size":"auto","background-attachment":"scroll","background-type":"","background-media":"","overlay-type":"","overlay-color":"","overlay-opacity":"","overlay-gradient":""},"tablet":{"background-color":"","background-image":"","background-repeat":"repeat","background-position":"center center","background-size":"auto","background-attachment":"scroll","background-type":"","background-media":"","overlay-type":"","overlay-color":"","overlay-opacity":"","overlay-gradient":""},"mobile":{"background-color":"","background-image":"","background-repeat":"repeat","background-position":"center center","background-size":"auto","background-attachment":"scroll","background-type":"","background-media":"","overlay-type":"","overlay-color":"","overlay-opacity":"","overlay-gradient":""}},"ast-content-background-meta":{"desktop":{"background-color":"var(--ast-global-color-5)","background-image":"","background-repeat":"repeat","background-position":"center center","background-size":"auto","background-attachment":"scroll","background-type":"","background-media":"","overlay-type":"","overlay-color":"","overlay-opacity":"","overlay-gradient":""},"tablet":{"background-color":"var(--ast-global-color-5)","background-image":"","background-repeat":"repeat","background-position":"center center","background-size":"auto","background-attachment":"scroll","background-type":"","background-media":"","overlay-type":"","overlay-color":"","overlay-opacity":"","overlay-gradient":""},"mobile":{"background-color":"var(--ast-global-color-5)","background-image":"","background-repeat":"repeat","background-position":"center center","background-size":"auto","background-attachment":"scroll","background-type":"","background-media":"","overlay-type":"","overlay-color":"","overlay-opacity":"","overlay-gradient":""}},"footnotes":""},"class_list":["post-32","page","type-page","status-publish","hentry"],"yoast_head":"<!-- This site is optimized with the Yoast SEO plugin v27.2 - https:\/\/yoast.com\/product\/yoast-seo-wordpress\/ -->\n<title>Le club -<\/title>\n<meta name=\"robots\" content=\"index, follow, max-snippet:-1, max-image-preview:large, max-video-preview:-1\" \/>\n<link rel=\"canonical\" href=\"https:\/\/objectifphoto44.fr\/index.php\/le-club\/\" \/>\n<meta property=\"og:locale\" content=\"fr_FR\" \/>\n<meta property=\"og:type\" content=\"article\" \/>\n<meta property=\"og:title\" content=\"Le club -\" \/>\n<meta property=\"og:description\" content=\"Le club Pr\u00e9sentation N\u00e9 en 2016 au sein de l\u2019Amicale La\u00efque de Suc\u00e9 sur Erdre. En 2021, nous prenons notre [&hellip;]\" \/>\n<meta property=\"og:url\" content=\"https:\/\/objectifphoto44.fr\/index.php\/le-club\/\" \/>\n<meta property=\"article:publisher\" content=\"https:\/\/www.facebook.com\/ObjectifPhoto44\/about\" \/>\n<meta property=\"article:modified_time\" content=\"2025-07-31T14:23:49+00:00\" \/>\n<meta property=\"og:image\" content=\"https:\/\/objectifphoto44.fr\/wp-content\/uploads\/2024\/08\/Roger-Coutin.jpg\" \/>\n\t<meta property=\"og:image:width\" content=\"1000\" \/>\n\t<meta property=\"og:image:height\" content=\"1000\" \/>\n\t<meta property=\"og:image:type\" content=\"image\/jpeg\" \/>\n<meta name=\"twitter:card\" content=\"summary_large_image\" \/>\n<meta name=\"twitter:label1\" content=\"Dur\u00e9e de lecture estim\u00e9e\" \/>\n\t<meta name=\"twitter:data1\" content=\"3 minutes\" \/>\n<script type=\"application\/ld+json\" class=\"yoast-schema-graph\">{\"@context\":\"https:\/\/schema.org\",\"@graph\":[{\"@type\":\"WebPage\",\"@id\":\"https:\/\/objectifphoto44.fr\/index.php\/le-club\/\",\"url\":\"https:\/\/objectifphoto44.fr\/index.php\/le-club\/\",\"name\":\"Le club -\",\"isPartOf\":{\"@id\":\"https:\/\/objectifphoto44.fr\/#website\"},\"primaryImageOfPage\":{\"@id\":\"https:\/\/objectifphoto44.fr\/index.php\/le-club\/#primaryimage\"},\"image\":{\"@id\":\"https:\/\/objectifphoto44.fr\/index.php\/le-club\/#primaryimage\"},\"thumbnailUrl\":\"http:\/\/objectifphoto44.fr\/wp-content\/uploads\/2024\/08\/Roger-Coutin-300x300.jpg\",\"datePublished\":\"2024-08-14T15:09:16+00:00\",\"dateModified\":\"2025-07-31T14:23:49+00:00\",\"breadcrumb\":{\"@id\":\"https:\/\/objectifphoto44.fr\/index.php\/le-club\/#breadcrumb\"},\"inLanguage\":\"fr-FR\",\"potentialAction\":[{\"@type\":\"ReadAction\",\"target\":[\"https:\/\/objectifphoto44.fr\/index.php\/le-club\/\"]}]},{\"@type\":\"ImageObject\",\"inLanguage\":\"fr-FR\",\"@id\":\"https:\/\/objectifphoto44.fr\/index.php\/le-club\/#primaryimage\",\"url\":\"https:\/\/objectifphoto44.fr\/wp-content\/uploads\/2024\/08\/Roger-Coutin.jpg\",\"contentUrl\":\"https:\/\/objectifphoto44.fr\/wp-content\/uploads\/2024\/08\/Roger-Coutin.jpg\",\"width\":1000,\"height\":1000},{\"@type\":\"BreadcrumbList\",\"@id\":\"https:\/\/objectifphoto44.fr\/index.php\/le-club\/#breadcrumb\",\"itemListElement\":[{\"@type\":\"ListItem\",\"position\":1,\"name\":\"Accueil\",\"item\":\"https:\/\/objectifphoto44.fr\/\"},{\"@type\":\"ListItem\",\"position\":2,\"name\":\"Le club\"}]},{\"@type\":\"WebSite\",\"@id\":\"https:\/\/objectifphoto44.fr\/#website\",\"url\":\"https:\/\/objectifphoto44.fr\/\",\"name\":\"Objectif Photo 44\",\"description\":\"Site du club photo de Suc\u00e9 sur Erdre\",\"publisher\":{\"@id\":\"https:\/\/objectifphoto44.fr\/#organization\"},\"alternateName\":\"Club photo de Suc\u00e9 sur Erdre\",\"potentialAction\":[{\"@type\":\"SearchAction\",\"target\":{\"@type\":\"EntryPoint\",\"urlTemplate\":\"https:\/\/objectifphoto44.fr\/?s={search_term_string}\"},\"query-input\":{\"@type\":\"PropertyValueSpecification\",\"valueRequired\":true,\"valueName\":\"search_term_string\"}}],\"inLanguage\":\"fr-FR\"},{\"@type\":\"Organization\",\"@id\":\"https:\/\/objectifphoto44.fr\/#organization\",\"name\":\"Objectif Photo 44\",\"url\":\"https:\/\/objectifphoto44.fr\/\",\"logo\":{\"@type\":\"ImageObject\",\"inLanguage\":\"fr-FR\",\"@id\":\"https:\/\/objectifphoto44.fr\/#\/schema\/logo\/image\/\",\"url\":\"https:\/\/objectifphoto44.fr\/wp-content\/uploads\/2024\/08\/cropped-Capture-decran-2024-08-16-175624-1.png\",\"contentUrl\":\"https:\/\/objectifphoto44.fr\/wp-content\/uploads\/2024\/08\/cropped-Capture-decran-2024-08-16-175624-1.png\",\"width\":240,\"height\":133,\"caption\":\"Objectif Photo 44\"},\"image\":{\"@id\":\"https:\/\/objectifphoto44.fr\/#\/schema\/logo\/image\/\"},\"sameAs\":[\"https:\/\/www.facebook.com\/ObjectifPhoto44\/about\"]}]}<\/script>\n<!-- \/ Yoast SEO plugin. -->","yoast_head_json":{"title":"Le club -","robots":{"index":"index","follow":"follow","max-snippet":"max-snippet:-1","max-image-preview":"max-image-preview:large","max-video-preview":"max-video-preview:-1"},"canonical":"https:\/\/objectifphoto44.fr\/index.php\/le-club\/","og_locale":"fr_FR","og_type":"article","og_title":"Le club -","og_description":"Le club Pr\u00e9sentation N\u00e9 en 2016 au sein de l\u2019Amicale La\u00efque de Suc\u00e9 sur Erdre. En 2021, nous prenons notre [&hellip;]","og_url":"https:\/\/objectifphoto44.fr\/index.php\/le-club\/","article_publisher":"https:\/\/www.facebook.com\/ObjectifPhoto44\/about","article_modified_time":"2025-07-31T14:23:49+00:00","og_image":[{"width":1000,"height":1000,"url":"https:\/\/objectifphoto44.fr\/wp-content\/uploads\/2024\/08\/Roger-Coutin.jpg","type":"image\/jpeg"}],"twitter_card":"summary_large_image","twitter_misc":{"Dur\u00e9e de lecture estim\u00e9e":"3 minutes"},"schema":{"@context":"https:\/\/schema.org","@graph":[{"@type":"WebPage","@id":"https:\/\/objectifphoto44.fr\/index.php\/le-club\/","url":"https:\/\/objectifphoto44.fr\/index.php\/le-club\/","name":"Le club -","isPartOf":{"@id":"https:\/\/objectifphoto44.fr\/#website"},"primaryImageOfPage":{"@id":"https:\/\/objectifphoto44.fr\/index.php\/le-club\/#primaryimage"},"image":{"@id":"https:\/\/objectifphoto44.fr\/index.php\/le-club\/#primaryimage"},"thumbnailUrl":"http:\/\/objectifphoto44.fr\/wp-content\/uploads\/2024\/08\/Roger-Coutin-300x300.jpg","datePublished":"2024-08-14T15:09:16+00:00","dateModified":"2025-07-31T14:23:49+00:00","breadcrumb":{"@id":"https:\/\/objectifphoto44.fr\/index.php\/le-club\/#breadcrumb"},"inLanguage":"fr-FR","potentialAction":[{"@type":"ReadAction","target":["https:\/\/objectifphoto44.fr\/index.php\/le-club\/"]}]},{"@type":"ImageObject","inLanguage":"fr-FR","@id":"https:\/\/objectifphoto44.fr\/index.php\/le-club\/#primaryimage","url":"https:\/\/objectifphoto44.fr\/wp-content\/uploads\/2024\/08\/Roger-Coutin.jpg","contentUrl":"https:\/\/objectifphoto44.fr\/wp-content\/uploads\/2024\/08\/Roger-Coutin.jpg","width":1000,"height":1000},{"@type":"BreadcrumbList","@id":"https:\/\/objectifphoto44.fr\/index.php\/le-club\/#breadcrumb","itemListElement":[{"@type":"ListItem","position":1,"name":"Accueil","item":"https:\/\/objectifphoto44.fr\/"},{"@type":"ListItem","position":2,"name":"Le club"}]},{"@type":"WebSite","@id":"https:\/\/objectifphoto44.fr\/#website","url":"https:\/\/objectifphoto44.fr\/","name":"Objectif Photo 44","description":"Site du club photo de Suc\u00e9 sur Erdre","publisher":{"@id":"https:\/\/objectifphoto44.fr\/#organization"},"alternateName":"Club photo de Suc\u00e9 sur Erdre","potentialAction":[{"@type":"SearchAction","target":{"@type":"EntryPoint","urlTemplate":"https:\/\/objectifphoto44.fr\/?s={search_term_string}"},"query-input":{"@type":"PropertyValueSpecification","valueRequired":true,"valueName":"search_term_string"}}],"inLanguage":"fr-FR"},{"@type":"Organization","@id":"https:\/\/objectifphoto44.fr\/#organization","name":"Objectif Photo 44","url":"https:\/\/objectifphoto44.fr\/","logo":{"@type":"ImageObject","inLanguage":"fr-FR","@id":"https:\/\/objectifphoto44.fr\/#\/schema\/logo\/image\/","url":"https:\/\/objectifphoto44.fr\/wp-content\/uploads\/2024\/08\/cropped-Capture-decran-2024-08-16-175624-1.png","contentUrl":"https:\/\/objectifphoto44.fr\/wp-content\/uploads\/2024\/08\/cropped-Capture-decran-2024-08-16-175624-1.png","width":240,"height":133,"caption":"Objectif Photo 44"},"image":{"@id":"https:\/\/objectifphoto44.fr\/#\/schema\/logo\/image\/"},"sameAs":["https:\/\/www.facebook.com\/ObjectifPhoto44\/about"]}]}},"_links":{"self":[{"href":"https:\/\/objectifphoto44.fr\/index.php\/wp-json\/wp\/v2\/pages\/32","targetHints":{"allow":["GET"]}}],"collection":[{"href":"https:\/\/objectifphoto44.fr\/index.php\/wp-json\/wp\/v2\/pages"}],"about":[{"href":"https:\/\/objectifphoto44.fr\/index.php\/wp-json\/wp\/v2\/types\/page"}],"author":[{"embeddable":true,"href":"https:\/\/objectifphoto44.fr\/index.php\/wp-json\/wp\/v2\/users\/1"}],"replies":[{"embeddable":true,"href":"https:\/\/objectifphoto44.fr\/index.php\/wp-json\/wp\/v2\/comments?post=32"}],"version-history":[{"count":91,"href":"https:\/\/objectifphoto44.fr\/index.php\/wp-json\/wp\/v2\/pages\/32\/revisions"}],"predecessor-version":[{"id":1192,"href":"https:\/\/objectifphoto44.fr\/index.php\/wp-json\/wp\/v2\/pages\/32\/revisions\/1192"}],"wp:attachment":[{"href":"https:\/\/objectifphoto44.fr\/index.php\/wp-json\/wp\/v2\/media?parent=32"}],"curies":[{"name":"wp","href":"https:\/\/api.w.org\/{rel}","templated":true}]}}